{"id":10,"date":"2025-07-11T00:25:54","date_gmt":"2025-07-11T00:25:54","guid":{"rendered":"https:\/\/paramarketing.es\/?page_id=10"},"modified":"2026-04-13T07:50:42","modified_gmt":"2026-04-13T07:50:42","slug":"inicio","status":"publish","type":"page","link":"https:\/\/paramarketing.es\/","title":{"rendered":"Inicio"},"content":{"rendered":"<section class=\"l-section wpb_row height_medium full_height valign_center with_img\"><div class=\"l-section-img\" role=\"img\" data-img-width=\"626\" data-img-height=\"417\" style=\"background-image: url(https:\/\/paramarketing.es\/wp-content\/uploads\/2025\/07\/34796_img63876601830288917420.jpg);background-repeat: no-repeat;\"><\/div><div class=\"l-section-overlay\" style=\"background:rgba(0,0,0,0.90)\"><\/div><div class=\"l-section-h i-cf\"><div class=\"g-cols vc_row via_grid cols_3-2 laptops-cols_inherit tablets-cols_inherit mobiles-cols_1 valign_top type_default stacking_default\"><div class=\"wpb_column vc_column_container\"><div class=\"vc_column-inner\"><p class=\"w-text us_custom_5fdb303a\"><span class=\"w-text-h\"><span class=\"w-text-value\">Aumenta tus ventas y clientes con Paramarketing f\u00e1cilmente.<\/span><\/span><\/p><div class=\"wpb_text_column us_custom_4a1fed07\"><div class=\"wpb_wrapper\"><p>Descubre c\u00f3mo <strong>Paramarketing<\/strong> lleva tu comercio al siguiente nivel: M\u00e1s ventas, M\u00e1s clientes, Mejor posicionamiento en Google My Business y Diferenciaci\u00f3n de tu competencia, todo a un precio accesible para ti.<\/p>\n<p>\u00a1Pruebalo ahora!<\/p>\n<\/div><\/div><div class=\"w-separator size_medium\"><\/div><div class=\"w-btn-wrapper default_align_left laptops_align_left tablets_align_left mobiles_align_left\"><a class=\"w-btn us-btn-style_1 icon_atleft\" target=\"_blank\" href=\"https:\/\/api.whatsapp.com\/send\/?phone=34657623031&amp;text&amp;type=phone_number&amp;app_absent=0\"><i class=\"fab fa-whatsapp\"><\/i><span class=\"w-btn-label\">Quiero m\u00e1s informaci\u00f3n<\/span><\/a><\/div><\/div><\/div><div class=\"wpb_column vc_column_container\"><div class=\"vc_column-inner\"><div class=\"w-image style_circle has_ratio align_none\" id=\"img-hero\"><div class=\"w-image-h\"><div style=\"padding-bottom:100%\"><\/div><img decoding=\"async\" width=\"1024\" height=\"683\" src=\"https:\/\/paramarketing.es\/wp-content\/uploads\/2025\/07\/34796_ventatienda.jpg\" class=\"attachment-large size-large\" alt=\"\" loading=\"lazy\" srcset=\"https:\/\/paramarketing.es\/wp-content\/uploads\/2025\/07\/34796_ventatienda.jpg 1024w, https:\/\/paramarketing.es\/wp-content\/uploads\/2025\/07\/34796_ventatienda-300x200.jpg 300w\" sizes=\"auto, (max-width: 1024px) 100vw, 1024px\" \/><\/div><\/div><\/div><\/div><\/div><\/div><\/section><section class=\"l-section wpb_row us_custom_c70c97eb height_medium\"><div class=\"l-section-h i-cf\"><div class=\"g-cols vc_row via_grid cols_2 laptops-cols_inherit tablets-cols_inherit mobiles-cols_1 valign_top type_default stacking_default\"><div class=\"wpb_column vc_column_container us_custom_8f2ba1f4 us_animate_this\"><div class=\"vc_column-inner\"><p class=\"w-text us_custom_ee24d780 has_text_color\"><span class=\"w-text-h\"><span class=\"w-text-value\">\u00bfTus clientes no se acuerdan de tu negocio y compran en la competencia?<\/span><\/span><\/p><div class=\"wpb_text_column us_custom_1b84a947 has_text_color\"><div class=\"wpb_wrapper\"><p>Con <strong>Paramarketing<\/strong>, tu comercio ser\u00e1 inolvidable para tus clientes. Nuestra plataforma te ayudar\u00e1 a mantenerte en la mente de tus clientes, aumentando la recurrencia y las ventas. No solo te destacar\u00e1s en Google My Business, sino que tambi\u00e9n te diferenciar\u00e1s de la competencia de manera efectiva y lo mejor es que te generar\u00e1 nuevos clientes de manera autom\u00e1tica.<\/p>\n<\/div><\/div><\/div><\/div><div class=\"wpb_column vc_column_container us_custom_8f2ba1f4 us_animate_this\"><div class=\"vc_column-inner\"><div class=\"w-image us_custom_213e151c style_shadow-2 align_none\"><div class=\"w-image-h\"><div class=\"w-image-shadow\" style=\"background-image:url(https:\/\/paramarketing.es\/wp-content\/uploads\/2025\/07\/34796_img63876601830288049613.jpg);\"><\/div><img decoding=\"async\" width=\"626\" height=\"417\" src=\"https:\/\/paramarketing.es\/wp-content\/uploads\/2025\/07\/34796_img63876601830288049613.jpg\" class=\"attachment-large size-large\" alt=\"\" loading=\"lazy\" srcset=\"https:\/\/paramarketing.es\/wp-content\/uploads\/2025\/07\/34796_img63876601830288049613.jpg 626w, https:\/\/paramarketing.es\/wp-content\/uploads\/2025\/07\/34796_img63876601830288049613-300x200.jpg 300w\" sizes=\"auto, (max-width: 626px) 100vw, 626px\" \/><\/div><\/div><\/div><\/div><\/div><\/div><\/section><section class=\"l-section wpb_row height_medium\"><div class=\"l-section-h i-cf\"><div class=\"g-cols vc_row via_grid cols_1 laptops-cols_inherit tablets-cols_inherit mobiles-cols_1 valign_top type_default stacking_default\"><div class=\"wpb_column vc_column_container\"><div class=\"vc_column-inner\"><div class=\"g-cols wpb_row us_custom_60e9caca us_animate_this via_grid cols_1 laptops-cols_inherit tablets-cols_inherit mobiles-cols_1 valign_top type_default stacking_default\" style=\"--gap:3rem;\"><div class=\"wpb_column vc_column_container\"><div class=\"vc_column-inner\"><p class=\"w-text us_custom_dfdac629 has_text_color\"><span class=\"w-text-h\"><span class=\"w-text-value\">Caracter\u00edsticas Clave de Paramarketing<\/span><\/span><\/p><div class=\"wpb_text_column us_custom_1b4209d7\"><div class=\"wpb_wrapper\"><p>Descubre c\u00f3mo <strong>Paramarketing<\/strong> puede transformar tu comercio y aumentar tus ventas de manera eficiente.<\/p>\n<\/div><\/div><\/div><\/div><\/div><div class=\"w-separator size_medium\"><\/div><div class=\"g-cols wpb_row us_custom_ca547909 us_animate_this via_grid cols_3 laptops-cols_inherit tablets-cols_inherit mobiles-cols_1 valign_top type_default stacking_default\" style=\"--gap:3rem;\"><div class=\"wpb_column vc_column_container\"><div class=\"vc_column-inner\"><div class=\"w-vwrapper us_custom_d60ea2ae align_center valign_top\"><div class=\"w-image us_custom_d26587bc has_ratio align_none\"><div class=\"w-image-h\"><div style=\"padding-bottom:75%\"><\/div><img decoding=\"async\" width=\"626\" height=\"417\" src=\"https:\/\/paramarketing.es\/wp-content\/uploads\/2025\/07\/34796_img63876601830288169194.jpg\" class=\"attachment-large size-large\" alt=\"\" loading=\"lazy\" srcset=\"https:\/\/paramarketing.es\/wp-content\/uploads\/2025\/07\/34796_img63876601830288169194.jpg 626w, https:\/\/paramarketing.es\/wp-content\/uploads\/2025\/07\/34796_img63876601830288169194-300x200.jpg 300w\" sizes=\"auto, (max-width: 626px) 100vw, 626px\" \/><\/div><\/div><div class=\"w-text us_custom_b78cccb4 has_text_color\"><span class=\"w-text-h\"><span class=\"w-text-value\">Incremento de Ventas y Clientes<\/span><\/span><\/div><div class=\"wpb_text_column us_custom_daf67732 has_text_color\"><div class=\"wpb_wrapper\"><p>Con <strong>Paramarketing<\/strong>, tus ventas crecer\u00e1n autom\u00e1ticamente al atraer y retener a m\u00e1s clientes de manera recurrente, adem\u00e1s de aumentar el n\u00famero de clientes de manera constante y autom\u00e1tica.<\/p>\n<\/div><\/div><\/div><\/div><\/div><div class=\"wpb_column vc_column_container\"><div class=\"vc_column-inner\"><div class=\"w-vwrapper us_custom_d60ea2ae align_center valign_top\" style=\"--vwrapper-gap:0.5rem\"><div class=\"w-image us_custom_d26587bc has_ratio align_none\"><div class=\"w-image-h\"><div style=\"padding-bottom:75%\"><\/div><img decoding=\"async\" width=\"715\" height=\"495\" src=\"https:\/\/paramarketing.es\/wp-content\/uploads\/2025\/07\/34796_ventasjoyeria.webp\" class=\"attachment-large size-large\" alt=\"\" loading=\"lazy\" srcset=\"https:\/\/paramarketing.es\/wp-content\/uploads\/2025\/07\/34796_ventasjoyeria.webp 715w, https:\/\/paramarketing.es\/wp-content\/uploads\/2025\/07\/34796_ventasjoyeria-300x208.webp 300w\" sizes=\"auto, (max-width: 715px) 100vw, 715px\" \/><\/div><\/div><div class=\"w-text us_custom_b78cccb4 has_text_color\"><span class=\"w-text-h\"><span class=\"w-text-value\">Visibilidad en Google My Business<\/span><\/span><\/div><div class=\"wpb_text_column us_custom_daf67732 has_text_color\"><div class=\"wpb_wrapper\"><p>Posicionaremos tu comercio local en lo m\u00e1s alto de Google My Business con el aumento de rese\u00f1as apareciendo por delante de tu competencia.<\/p>\n<\/div><\/div><div class=\"w-separator size_medium\"><\/div><\/div><\/div><\/div><div class=\"wpb_column vc_column_container\"><div class=\"vc_column-inner\"><div class=\"w-vwrapper us_custom_d60ea2ae align_center valign_top\" style=\"--vwrapper-gap:1rem\"><div class=\"w-image us_custom_d26587bc has_ratio align_none\"><div class=\"w-image-h\"><div style=\"padding-bottom:75%\"><\/div><img decoding=\"async\" width=\"1024\" height=\"677\" src=\"https:\/\/paramarketing.es\/wp-content\/uploads\/2025\/07\/34796_tiendazapato-1024x677.webp\" class=\"attachment-large size-large\" alt=\"\" loading=\"lazy\" srcset=\"https:\/\/paramarketing.es\/wp-content\/uploads\/2025\/07\/34796_tiendazapato-1024x677.webp 1024w, https:\/\/paramarketing.es\/wp-content\/uploads\/2025\/07\/34796_tiendazapato-300x198.webp 300w, https:\/\/paramarketing.es\/wp-content\/uploads\/2025\/07\/34796_tiendazapato.webp 1600w\" sizes=\"auto, (max-width: 1024px) 100vw, 1024px\" \/><\/div><\/div><div class=\"w-text us_custom_b78cccb4 has_text_color\"><span class=\"w-text-h\"><span class=\"w-text-value\">Incremento de Ventas y Clientes<\/span><\/span><\/div><div class=\"wpb_text_column us_custom_daf67732 has_text_color\"><div class=\"wpb_wrapper\"><p>Haremos que tu empresa se quede en la mente de tus clientes, impulsando as\u00ed su fidelidad y tus ventas.<\/p>\n<\/div><\/div><div class=\"w-separator size_medium\"><\/div><\/div><\/div><\/div><\/div><\/div><\/div><\/div><\/div><\/section><section class=\"l-section wpb_row us_custom_c70c97eb height_medium\"><div class=\"l-section-h i-cf\"><div class=\"g-cols vc_row via_grid cols_1 laptops-cols_inherit tablets-cols_inherit mobiles-cols_1 valign_top type_default stacking_default\"><div class=\"wpb_column vc_column_container\"><div class=\"vc_column-inner\"><div class=\"g-cols wpb_row us_custom_60e9caca us_animate_this via_grid cols_2 laptops-cols_inherit tablets-cols_inherit mobiles-cols_1 valign_top type_default stacking_default\" style=\"--gap:3rem;\"><div class=\"wpb_column vc_column_container\"><div class=\"vc_column-inner\"><p class=\"w-text us_custom_ee24d780 has_text_color\"><span class=\"w-text-h\"><span class=\"w-text-value\">\u00bfA qui\u00e9n va dirigido este producto?<\/span><\/span><\/p><div class=\"wpb_text_column us_custom_4b1cfdf1 has_text_color\"><div class=\"wpb_wrapper\"><p><strong>Paramarketing<\/strong> est\u00e1 dise\u00f1ado para cualquier tipo de negocio. Descubre c\u00f3mo nuestra plataforma puede transformar tu negocio.<\/p>\n<\/div><\/div><\/div><\/div><div class=\"wpb_column vc_column_container\"><div class=\"vc_column-inner\"><div class=\"w-image us_custom_213e151c style_shadow-2 align_none\"><div class=\"w-image-h\"><div class=\"w-image-shadow\" style=\"background-image:url(https:\/\/paramarketing.es\/wp-content\/uploads\/2025\/07\/34796_supermercado.webp);\"><\/div><img decoding=\"async\" width=\"800\" height=\"533\" src=\"https:\/\/paramarketing.es\/wp-content\/uploads\/2025\/07\/34796_supermercado.webp\" class=\"attachment-large size-large\" alt=\"\" loading=\"lazy\" srcset=\"https:\/\/paramarketing.es\/wp-content\/uploads\/2025\/07\/34796_supermercado.webp 800w, https:\/\/paramarketing.es\/wp-content\/uploads\/2025\/07\/34796_supermercado-300x200.webp 300w\" sizes=\"auto, (max-width: 800px) 100vw, 800px\" \/><\/div><\/div><\/div><\/div><\/div><div class=\"w-separator size_medium\"><\/div><div class=\"g-cols wpb_row us_custom_ca547909 us_animate_this via_grid cols_3 laptops-cols_inherit tablets-cols_inherit mobiles-cols_1 valign_top type_default stacking_default\" style=\"--gap:0rem;\"><div class=\"wpb_column vc_column_container\"><div class=\"vc_column-inner\"><div class=\"w-vwrapper us_custom_2c4f4a12 align_center valign_top\"><p class=\"w-text us_custom_0b7cb484 has_text_color\"><span class=\"w-text-h\"><span class=\"w-text-value\">Comercios Locales<\/span><\/span><\/p><div class=\"wpb_text_column us_custom_1b84a947 has_text_color\"><div class=\"wpb_wrapper\"><p>Impulsa tu comercio local a los primeros puestos de Google My Business y destaca frente a la competencia con <strong>Paramarketing<\/strong>.<\/p>\n<\/div><\/div><\/div><\/div><\/div><div class=\"wpb_column vc_column_container us_custom_fe41d7ba\"><div class=\"vc_column-inner\"><div class=\"w-vwrapper us_custom_2c4f4a12 align_center valign_top\"><p class=\"w-text us_custom_0b7cb484 has_text_color\"><span class=\"w-text-h\"><span class=\"w-text-value\">Tiendas Minoristas<\/span><\/span><\/p><div class=\"wpb_text_column us_custom_1b84a947 has_text_color\"><div class=\"wpb_wrapper\"><p>Aumenta tus ventas autom\u00e1ticamente y fideliza a tus clientes al nivel de las grandes marcas con nuestra plataforma.<\/p>\n<\/div><\/div><\/div><\/div><\/div><div class=\"wpb_column vc_column_container\"><div class=\"vc_column-inner\"><div class=\"w-vwrapper us_custom_2c4f4a12 align_center valign_top\"><p class=\"w-text us_custom_0b7cb484 has_text_color\"><span class=\"w-text-h\"><span class=\"w-text-value\">Restaurantes y Cafeter\u00edas<\/span><\/span><\/p><div class=\"wpb_text_column us_custom_1b84a947 has_text_color\"><div class=\"wpb_wrapper\"><p>Haz que tus clientes piensen en tu restaurante primero y disfruta de un aumento significativo en tus ventas con <strong>Paramarketing<\/strong>.<\/p>\n<\/div><\/div><\/div><\/div><\/div><\/div><\/div><\/div><\/div><\/div><\/section><section class=\"l-section wpb_row height_medium\"><div class=\"l-section-h i-cf\"><div class=\"g-cols vc_row via_grid cols_2 laptops-cols_inherit tablets-cols_inherit mobiles-cols_1 valign_top type_default stacking_default\"><div class=\"wpb_column vc_column_container us_custom_60e9caca us_animate_this\"><div class=\"vc_column-inner\"><div class=\"w-image us_custom_213e151c align_none\"><div class=\"w-image-h\"><img decoding=\"async\" width=\"626\" height=\"466\" src=\"https:\/\/paramarketing.es\/wp-content\/uploads\/2025\/07\/34796_img63876601830289029677.jpg\" class=\"attachment-large size-large\" alt=\"\" loading=\"lazy\" srcset=\"https:\/\/paramarketing.es\/wp-content\/uploads\/2025\/07\/34796_img63876601830289029677.jpg 626w, https:\/\/paramarketing.es\/wp-content\/uploads\/2025\/07\/34796_img63876601830289029677-300x223.jpg 300w\" sizes=\"auto, (max-width: 626px) 100vw, 626px\" \/><\/div><\/div><\/div><\/div><div class=\"wpb_column vc_column_container us_custom_60e9caca us_animate_this\"><div class=\"vc_column-inner\"><div class=\"w-vwrapper us_custom_27b18a7a align_center valign_top\" style=\"--vwrapper-gap:2.1rem\"><p class=\"w-text us_custom_ee24d780 has_text_color\"><span class=\"w-text-h\"><span class=\"w-text-value\">\u00bfQui\u00e9nes somos en Paramarketing?<\/span><\/span><\/p><div class=\"wpb_text_column us_custom_4b1cfdf1 has_text_color\"><div class=\"wpb_wrapper\"><p>Somos un grupo humano conocedores de la situaci\u00f3n actual del peque\u00f1o comercio frente al grande.<\/p>\n<\/div><\/div><div class=\"wpb_text_column us_custom_1b84a947 has_text_color\"><div class=\"wpb_wrapper\"><p>Para ello hemos desarrollado durante 2 a\u00f1os una plataforma automatizada que har\u00e1 que puedas competir con los grandes y la competencia.<\/p>\n<\/div><\/div><\/div><\/div><\/div><\/div><\/div><\/section><section class=\"l-section wpb_row us_custom_c70c97eb height_medium\"><div class=\"l-section-h i-cf\"><div class=\"g-cols vc_row via_grid cols_2 laptops-cols_inherit tablets-cols_inherit mobiles-cols_1 valign_top type_default stacking_default\"><div class=\"wpb_column vc_column_container us_custom_60e9caca us_animate_this\"><div class=\"vc_column-inner\"><p class=\"w-text us_custom_4868f84d has_text_color\"><span class=\"w-text-h\"><span class=\"w-text-value\">Consultas Comunes<\/span><\/span><\/p><div class=\"wpb_text_column us_custom_1b84a947 has_text_color\"><div class=\"wpb_wrapper\"><p>Respuestas r\u00e1pidas a tus preguntas frecuentes.<\/p>\n<\/div><\/div><\/div><\/div><div class=\"wpb_column vc_column_container us_custom_60e9caca us_animate_this\"><div class=\"vc_column-inner\"><div class=\"w-tabs style_default switch_click accordion has_scrolling\" style=\"--sections-title-size:inherit\"><div class=\"w-tabs-sections titles-align_none icon_plus cpos_right\"><div class=\"w-tabs-section has_text_color\" id=\"tba4\" style=\"color:var(--color-alt-content-text);\"><button class=\"w-tabs-section-header\" aria-controls=\"content-tba4\" aria-expanded=\"false\"><div class=\"w-tabs-section-title\">\u00bfQu\u00e9 es Paramarketing?<\/div><div class=\"w-tabs-section-control\"><\/div><\/button><div  class=\"w-tabs-section-content\" id=\"content-tba4\"><div class=\"w-tabs-section-content-h i-cf\"><div class=\"wpb_text_column us_custom_1b84a947 has_text_color\"><div class=\"wpb_wrapper\"><p><strong>Paramarketing<\/strong> es una plataforma dise\u00f1ada para cualquier tipo de comercio. Con <strong>Paramarketing<\/strong>, obtendr\u00e1s m\u00e1s ventas y tus clientes aumentar\u00e1n de manera autom\u00e1tica. Adem\u00e1s, haremos que tu comercio local est\u00e9 en lo m\u00e1s alto de Google My Business, diferenci\u00e1ndote de la competencia y manteniendo tu empresa en la mente de tus clientes.<\/p>\n<\/div><\/div><\/div><\/div><\/div><div class=\"w-tabs-section has_text_color\" id=\"kd20\" style=\"color:var(--color-alt-content-text);\"><button class=\"w-tabs-section-header\" aria-controls=\"content-kd20\" aria-expanded=\"false\"><div class=\"w-tabs-section-title\">\u00bfC\u00f3mo Paramarketing me ayuda a aumentar las ventas?<\/div><div class=\"w-tabs-section-control\"><\/div><\/button><div  class=\"w-tabs-section-content\" id=\"content-kd20\"><div class=\"w-tabs-section-content-h i-cf\"><div class=\"wpb_text_column us_custom_1b84a947 has_text_color\"><div class=\"wpb_wrapper\"><p><strong>Paramarketing<\/strong> te ayuda a aumentar las ventas al mejorar la visibilidad de tu comercio en Google My Business, lo que atrae a m\u00e1s clientes. Adem\u00e1s, la plataforma utiliza estrategias similares a las de grandes empresas como El Corte Ingl\u00e9s y Media Markt, etc. pero adaptadas a tu negocio y a un precio accesible. Esto te permite diferenciarte de la competencia y mantener a tus clientes fieles a tu marca. Una de muchas caracter\u00edsticas que hace <strong>Paramarketing<\/strong> indispensable es el crecimiento de clientes de manera autom\u00e1tica.<\/p>\n<\/div><\/div><\/div><\/div><\/div><div class=\"w-tabs-section has_text_color\" id=\"we9c\" style=\"color:var(--color-alt-content-text);\"><button class=\"w-tabs-section-header\" aria-controls=\"content-we9c\" aria-expanded=\"false\"><div class=\"w-tabs-section-title\">\u00bfEs Paramarketing adecuado para cualquier tipo de comercio?<\/div><div class=\"w-tabs-section-control\"><\/div><\/button><div  class=\"w-tabs-section-content\" id=\"content-we9c\"><div class=\"w-tabs-section-content-h i-cf\"><div class=\"wpb_text_column us_custom_1b84a947 has_text_color\"><div class=\"wpb_wrapper\"><p>S\u00ed, F<strong>Paramarketing<\/strong> est\u00e1 dise\u00f1ado para cualquier tipo de comercio que tenga clientes recurrentes. No importa si tienes una tienda de ropa, un restaurante o una peluquer\u00eda, <strong>Paramarketing<\/strong> puede ayudarte a aumentar tus ventas y mejorar la visibilidad de tu negocio. La plataforma se adapta a tus necesidades espec\u00edficas y te ofrece herramientas para destacarte en el mercado.<\/p>\n<\/div><\/div><\/div><\/div><\/div><div class=\"w-tabs-section has_text_color\" id=\"d055\" style=\"color:var(--color-alt-content-text);\"><button class=\"w-tabs-section-header\" aria-controls=\"content-d055\" aria-expanded=\"false\"><div class=\"w-tabs-section-title\">\u00bfCu\u00e1l es el costo de usar Paramarketing?<\/div><div class=\"w-tabs-section-control\"><\/div><\/button><div  class=\"w-tabs-section-content\" id=\"content-d055\"><div class=\"w-tabs-section-content-h i-cf\"><div class=\"wpb_text_column us_custom_1b84a947 has_text_color\"><div class=\"wpb_wrapper\"><p><strong>Paramarketing<\/strong> ofrece sus servicios a un precio que puedes pagar, adaptando sus estrategias a tu presupuesto. A diferencia de grandes empresas que invierten grandes sumas de dinero en marketing, <strong>Paramarketing<\/strong> te permite obtener resultados similares sin gastar una fortuna. De esta manera, puedes disfrutar de los beneficios de una mayor visibilidad y un aumento en las ventas.<\/p>\n<\/div><\/div><\/div><\/div><\/div><\/div><\/div><\/div><\/div><\/div><\/div><\/section><section class=\"l-section wpb_row us_custom_eb849559 height_medium with_img\"><div class=\"l-section-img\" role=\"img\" data-img-width=\"626\" data-img-height=\"417\" style=\"background-image: url(https:\/\/paramarketing.es\/wp-content\/uploads\/2025\/07\/34796_img63876601830288917420.jpg);background-repeat: no-repeat;\"><\/div><div class=\"l-section-overlay\" style=\"background:rgba(0,0,0,0.90)\"><\/div><div class=\"l-section-h i-cf\"><div class=\"g-cols vc_row via_grid cols_1 laptops-cols_inherit tablets-cols_inherit mobiles-cols_1 valign_top type_default stacking_default\"><div class=\"wpb_column vc_column_container\"><div class=\"vc_column-inner\"><p class=\"w-text us_custom_e175965a has_text_color us_animate_this\"><span class=\"w-text-h\"><span class=\"w-text-value\">\u00a1Impulsa tus ventas ahora con Paramarketing!<\/span><\/span><\/p><div class=\"wpb_text_column us_custom_bad15743 us_animate_this\"><div class=\"wpb_wrapper\"><p>Transforma tu comercio y destaca en Google My Business con nuestra plataforma. Crecer\u00e1s en ventas y en clientes de manera AUTOM\u00c1TICA.<\/p>\n<\/div><\/div><div class=\"w-separator size_medium\"><\/div><div class=\"w-btn-wrapper align_none\"><a class=\"w-btn us-btn-style_1 us_custom_60e9caca us_animate_this icon_atleft\" target=\"_blank\" href=\"https:\/\/api.whatsapp.com\/send\/?phone=34657623031&amp;text&amp;type=phone_number&amp;app_absent=0\"><i class=\"fab fa-whatsapp\"><\/i><span class=\"w-btn-label\">\u00bfCu\u00e1ndo nos podemos reunir?<\/span><\/a><\/div><\/div><\/div><\/div><\/div><\/section>\n","protected":false},"excerpt":{"rendered":"","protected":false},"author":1,"featured_media":0,"parent":0,"menu_order":0,"comment_status":"closed","ping_status":"closed","template":"","meta":{"footnotes":""},"class_list":["post-10","page","type-page","status-publish","hentry"],"_links":{"self":[{"href":"https:\/\/paramarketing.es\/index.php?rest_route=\/wp\/v2\/pages\/10","targetHints":{"allow":["GET"]}}],"collection":[{"href":"https:\/\/paramarketing.es\/index.php?rest_route=\/wp\/v2\/pages"}],"about":[{"href":"https:\/\/paramarketing.es\/index.php?rest_route=\/wp\/v2\/types\/page"}],"author":[{"embeddable":true,"href":"https:\/\/paramarketing.es\/index.php?rest_route=\/wp\/v2\/users\/1"}],"replies":[{"embeddable":true,"href":"https:\/\/paramarketing.es\/index.php?rest_route=%2Fwp%2Fv2%2Fcomments&post=10"}],"version-history":[{"count":11,"href":"https:\/\/paramarketing.es\/index.php?rest_route=\/wp\/v2\/pages\/10\/revisions"}],"predecessor-version":[{"id":45,"href":"https:\/\/paramarketing.es\/index.php?rest_route=\/wp\/v2\/pages\/10\/revisions\/45"}],"wp:attachment":[{"href":"https:\/\/paramarketing.es\/index.php?rest_route=%2Fwp%2Fv2%2Fmedia&parent=10"}],"curies":[{"name":"wp","href":"https:\/\/api.w.org\/{rel}","templated":true}]}}